{"id":45,"date":"2013-02-12T10:28:33","date_gmt":"2013-02-12T09:28:33","guid":{"rendered":"http:\/\/conduite-actuelle.fr\/?page_id=45"},"modified":"2026-03-16T09:21:00","modified_gmt":"2026-03-16T08:21:00","slug":"permis-al","status":"publish","type":"page","link":"https:\/\/conduite-actuelle.com\/?page_id=45","title":{"rendered":"Formation 125"},"content":{"rendered":"<div class=\"post-content\"><h2>La Formation 125, conduire un 2 roues de 50 \u00e0 125cm\u00b3 ou un scooter \u00e0 3 roues avec le permis B<\/h2>\n<\/p>\n<p><strong>A qui s&rsquo;adresse la Formation 125 ?<\/strong><\/p>\n<p style=\"text-align: justify; padding-left: 30px;\">Depuis le 1er janvier 2011, tout titulaire de la cat\u00e9gorie B (auto) du permis de conduire souhaitant commencer la conduite d&rsquo;un deux-roues motoris\u00e9 d&rsquo;une cylindr\u00e9e comprise entre 50 et 125 cm\u00b3 ou d&rsquo;un scooter \u00e0 3 roues de plus de 50 cm\u00b3 doit suivre une formation sp\u00e9cifique.<\/p>\n<p><strong>Qu&rsquo;est-ce que la formation 125 ?<\/strong><\/p>\n<p style=\"padding-left: 30px;\">L&rsquo;objectif de cette formation est de familiariser le futur conducteur avec le type de v\u00e9hicule qu&rsquo;il souhaite conduire. Cette formation se compose de 7h alliant th\u00e9orie et pratique qui sont une occasion de r\u00e9fl\u00e9chir au comportement \u00e0 adopter et la prise en compte des divers cat\u00e9gories d&rsquo;usagers sur la route. Elle met par cons\u00e9quent en avant l&rsquo;importance de la prise de conscience des risques et la n\u00e9cessit\u00e9 de respecter les r\u00e8gles de circulation.<\/p>\n<p style=\"padding-left: 30px; text-align: right;\">Plus d&rsquo;informations sur le site de la <a href=\"http:\/\/www.securite-routiere.gouv.fr\/medias\/espace-presse\/publications-presse\/a-partir-du-1er-janvier-2011-7-heures-de-formation-sont-obligatoires-avant-de-conduire-un-125-cm3-ou-un-scooter-a-trois-roues\" target=\"_blank\" rel=\"noopener noreferrer\">S\u00e9curit\u00e9 Routi\u00e8re<\/a><\/p>\n\n<a href=\"https:\/\/conduite-actuelle.com\/wp-content\/uploads\/2026\/03\/Planche-tarifaire-125-2-1.pdf\" class=\"pdfemb-viewer\" style=\"\" data-width=\"max\" data-height=\"max\" data-toolbar=\"bottom\" data-toolbar-fixed=\"off\">Planche-tarifaire-125-2-1<\/a><\/div>","protected":false},"excerpt":{"rendered":"<p>La Formation 125, conduire un 2 roues de 50 \u00e0 125cm\u00b3 ou un scooter \u00e0 3<a href=\"https:\/\/conduite-actuelle.com\/?page_id=45\">Know More<i class=\"fa fa-long-arrow-right\" aria-hidden=\"true\"><\/i><\/a><\/p>\n","protected":false},"author":4,"featured_media":0,"parent":0,"menu_order":0,"comment_status":"closed","ping_status":"open","template":"","meta":{"footnotes":""},"class_list":["post-45","page","type-page","status-publish","hentry"],"_links":{"self":[{"href":"https:\/\/conduite-actuelle.com\/index.php?rest_route=\/wp\/v2\/pages\/45","targetHints":{"allow":["GET"]}}],"collection":[{"href":"https:\/\/conduite-actuelle.com\/index.php?rest_route=\/wp\/v2\/pages"}],"about":[{"href":"https:\/\/conduite-actuelle.com\/index.php?rest_route=\/wp\/v2\/types\/page"}],"author":[{"embeddable":true,"href":"https:\/\/conduite-actuelle.com\/index.php?rest_route=\/wp\/v2\/users\/4"}],"replies":[{"embeddable":true,"href":"https:\/\/conduite-actuelle.com\/index.php?rest_route=%2Fwp%2Fv2%2Fcomments&post=45"}],"version-history":[{"count":19,"href":"https:\/\/conduite-actuelle.com\/index.php?rest_route=\/wp\/v2\/pages\/45\/revisions"}],"predecessor-version":[{"id":1162,"href":"https:\/\/conduite-actuelle.com\/index.php?rest_route=\/wp\/v2\/pages\/45\/revisions\/1162"}],"wp:attachment":[{"href":"https:\/\/conduite-actuelle.com\/index.php?rest_route=%2Fwp%2Fv2%2Fmedia&parent=45"}],"curies":[{"name":"wp","href":"https:\/\/api.w.org\/{rel}","templated":true}]}}