{"id":41,"date":"2013-02-12T10:27:08","date_gmt":"2013-02-12T09:27:08","guid":{"rendered":"http:\/\/conduite-actuelle.fr\/?page_id=41"},"modified":"2025-02-02T21:41:30","modified_gmt":"2025-02-02T20:41:30","slug":"aac","status":"publish","type":"page","link":"https:\/\/conduite-actuelle.com\/?page_id=41","title":{"rendered":"AAC Bo\u00eete manuelle"},"content":{"rendered":"<div class=\"post-content\"><h2 style=\"text-align: left;\">La conduite accompagn\u00e9e accessible d\u00e8s l&rsquo;\u00e2ge de 15 ans !<\/h2>\n<p><strong>Qu\u2019est-ce que la Conduite accompagn\u00e9e ?<\/strong><\/p>\n<p>La conduite accompagn\u00e9e permet aux jeunes de 15 ans \u00e0 18 ans d\u2019acqu\u00e9rir de l\u2019exp\u00e9rience et une meilleure assurance au volant avant de se pr\u00e9senter, ou entre deux pr\u00e9sentations, \u00e0 l\u2019examen du permis de conduire.<\/p>\n<p>Elle se d\u00e9roule sur une dur\u00e9e minimum de 1 an et un minimum de 3000 km.<\/p>\n\n<a href=\"https:\/\/conduite-actuelle.com\/wp-content\/uploads\/2025\/02\/CA-sur-Boite-manuelle.pdf\" class=\"pdfemb-viewer\" style=\"\" data-width=\"max\" data-height=\"max\" data-toolbar=\"bottom\" data-toolbar-fixed=\"off\">CA-sur-Boite-manuelle<\/a><\/div>","protected":false},"excerpt":{"rendered":"<p>La conduite accompagn\u00e9e accessible d\u00e8s l&rsquo;\u00e2ge de 15 ans ! Qu\u2019est-ce que la Conduite accompagn\u00e9e ?<a href=\"https:\/\/conduite-actuelle.com\/?page_id=41\">Know More<i class=\"fa fa-long-arrow-right\" aria-hidden=\"true\"><\/i><\/a><\/p>\n","protected":false},"author":4,"featured_media":0,"parent":0,"menu_order":0,"comment_status":"closed","ping_status":"open","template":"","meta":{"footnotes":""},"class_list":["post-41","page","type-page","status-publish","hentry"],"_links":{"self":[{"href":"https:\/\/conduite-actuelle.com\/index.php?rest_route=\/wp\/v2\/pages\/41","targetHints":{"allow":["GET"]}}],"collection":[{"href":"https:\/\/conduite-actuelle.com\/index.php?rest_route=\/wp\/v2\/pages"}],"about":[{"href":"https:\/\/conduite-actuelle.com\/index.php?rest_route=\/wp\/v2\/types\/page"}],"author":[{"embeddable":true,"href":"https:\/\/conduite-actuelle.com\/index.php?rest_route=\/wp\/v2\/users\/4"}],"replies":[{"embeddable":true,"href":"https:\/\/conduite-actuelle.com\/index.php?rest_route=%2Fwp%2Fv2%2Fcomments&post=41"}],"version-history":[{"count":27,"href":"https:\/\/conduite-actuelle.com\/index.php?rest_route=\/wp\/v2\/pages\/41\/revisions"}],"predecessor-version":[{"id":1144,"href":"https:\/\/conduite-actuelle.com\/index.php?rest_route=\/wp\/v2\/pages\/41\/revisions\/1144"}],"wp:attachment":[{"href":"https:\/\/conduite-actuelle.com\/index.php?rest_route=%2Fwp%2Fv2%2Fmedia&parent=41"}],"curies":[{"name":"wp","href":"https:\/\/api.w.org\/{rel}","templated":true}]}}