{"id":1095,"date":"2025-01-17T22:28:01","date_gmt":"2025-01-17T21:28:01","guid":{"rendered":"https:\/\/conduite-actuelle.fr\/?page_id=1095"},"modified":"2025-01-17T22:35:53","modified_gmt":"2025-01-17T21:35:53","slug":"la-conduite-accompagnee-accessible-des-lage-de-15-ans","status":"publish","type":"page","link":"https:\/\/conduite-actuelle.com\/?page_id=1095","title":{"rendered":"Avantages de la conduite accompagn\u00e9e et supervis\u00e9e"},"content":{"rendered":"<div class=\"post-content\">\n<p><strong>Qu\u2019est-ce que la Conduite accompagn\u00e9e ?<\/strong><\/p>\n\n\n\n<p>La conduite accompagn\u00e9e permet aux jeunes de 15 ans \u00e0 18 ans d\u2019acqu\u00e9rir de l\u2019exp\u00e9rience et une meilleure assurance au volant avant de se pr\u00e9senter, ou entre deux pr\u00e9sentations, \u00e0 l\u2019examen du permis de conduire.<\/p>\n\n\n\n<p>Elle se d\u00e9roule sur une dur\u00e9e minimum de 1 an et un minimum de 3000 km.<\/p>\n\n\n<a href=\"https:\/\/conduite-actuelle.com\/wp-content\/uploads\/2025\/01\/PDF-document-3.pdf\" class=\"pdfemb-viewer\" style=\"\" data-width=\"max\" data-height=\"max\" data-toolbar=\"bottom\" data-toolbar-fixed=\"off\">PDF-document-3<\/a>\n\n\n<p><strong>Qu\u2019est-ce que la Conduite accompagn\u00e9e ?<\/strong><\/p>\n\n\n\n<p>La conduite supervis\u00e9e permet aux apprentis conducteurs de gagner en exp\u00e9rience et en confiance au volant, tout en b\u00e9n\u00e9ficiant de l\u2019accompagnement d\u2019un adulte exp\u00e9riment\u00e9. Ce dispositif favorise une meilleure pr\u00e9paration \u00e0 la conduite autonome et r\u00e9duit les risques d\u2019accidents chez les jeunes conducteurs.<\/p>\n\n\n<a href=\"https:\/\/conduite-actuelle.com\/wp-content\/uploads\/2025\/01\/PDF-document-4.pdf\" class=\"pdfemb-viewer\" style=\"\" data-width=\"max\" data-height=\"max\" data-toolbar=\"bottom\" data-toolbar-fixed=\"off\">PDF-document-4<\/a><\/div>","protected":false},"excerpt":{"rendered":"<p>Qu\u2019est-ce que la Conduite accompagn\u00e9e ? La conduite accompagn\u00e9e permet aux jeunes de 15 ans \u00e0<a href=\"https:\/\/conduite-actuelle.com\/?page_id=1095\">Know More<i class=\"fa fa-long-arrow-right\" aria-hidden=\"true\"><\/i><\/a><\/p>\n","protected":false},"author":4,"featured_media":0,"parent":0,"menu_order":0,"comment_status":"closed","ping_status":"closed","template":"","meta":{"footnotes":""},"class_list":["post-1095","page","type-page","status-publish","hentry"],"_links":{"self":[{"href":"https:\/\/conduite-actuelle.com\/index.php?rest_route=\/wp\/v2\/pages\/1095","targetHints":{"allow":["GET"]}}],"collection":[{"href":"https:\/\/conduite-actuelle.com\/index.php?rest_route=\/wp\/v2\/pages"}],"about":[{"href":"https:\/\/conduite-actuelle.com\/index.php?rest_route=\/wp\/v2\/types\/page"}],"author":[{"embeddable":true,"href":"https:\/\/conduite-actuelle.com\/index.php?rest_route=\/wp\/v2\/users\/4"}],"replies":[{"embeddable":true,"href":"https:\/\/conduite-actuelle.com\/index.php?rest_route=%2Fwp%2Fv2%2Fcomments&post=1095"}],"version-history":[{"count":3,"href":"https:\/\/conduite-actuelle.com\/index.php?rest_route=\/wp\/v2\/pages\/1095\/revisions"}],"predecessor-version":[{"id":1102,"href":"https:\/\/conduite-actuelle.com\/index.php?rest_route=\/wp\/v2\/pages\/1095\/revisions\/1102"}],"wp:attachment":[{"href":"https:\/\/conduite-actuelle.com\/index.php?rest_route=%2Fwp%2Fv2%2Fmedia&parent=1095"}],"curies":[{"name":"wp","href":"https:\/\/api.w.org\/{rel}","templated":true}]}}