{"id":1084,"date":"2025-01-07T17:30:39","date_gmt":"2025-01-07T16:30:39","guid":{"rendered":"https:\/\/conduite-actuelle.fr\/?page_id=1084"},"modified":"2025-01-07T17:30:39","modified_gmt":"2025-01-07T16:30:39","slug":"post-permis","status":"publish","type":"page","link":"https:\/\/conduite-actuelle.com\/?page_id=1084","title":{"rendered":"Post permis"},"content":{"rendered":"<div class=\"post-content\">\n<p>Boostez votre s\u00e9curit\u00e9 et votre confiance sur la route gr\u00e2ce \u00e0 la formation post-permis !<\/p>\n\n\n\n<p>Vous venez d\u2019obtenir votre permis de conduire ? F\u00e9licitations ! Mais saviez-vous qu\u2019il existe une formation sp\u00e9cialement con\u00e7ue pour renforcer vos comp\u00e9tences et vous aider \u00e0 devenir un conducteur encore plus s\u00fbr et serein ?<\/p>\n\n\n\n<p>La formation post-permis, propos\u00e9e dans toute la France, est une session compl\u00e9mentaire accessible entre 6 mois et 1 an apr\u00e8s l\u2019obtention de votre permis. Cette journ\u00e9e (ou demi-journ\u00e9e selon les formules) vous permet de :<br>&nbsp;&nbsp;&nbsp;&nbsp;\u2022&nbsp;&nbsp;&nbsp;&nbsp;Am\u00e9liorer vos r\u00e9flexes de conduite face aux situations complexes ou inattendues.<br>&nbsp;&nbsp;&nbsp;&nbsp;\u2022&nbsp;&nbsp;&nbsp;&nbsp;Adopter des comportements responsables en tenant compte des risques routiers.<br>&nbsp;&nbsp;&nbsp;&nbsp;\u2022&nbsp;&nbsp;&nbsp;&nbsp;R\u00e9duire votre p\u00e9riode probatoire : vous passez de 3 ans \u00e0 2 ans (ou de 2 ans \u00e0 1 an pour les conducteurs ayant suivi l\u2019apprentissage anticip\u00e9 de la conduite).<\/p>\n\n\n\n<p>En participant \u00e0 cette formation anim\u00e9e par des professionnels exp\u00e9riment\u00e9s, vous profiterez d\u2019\u00e9changes enrichissants, de mises en situation pratiques, et d\u2019astuces concr\u00e8tes pour mieux anticiper les dangers de la route.<\/p>\n\n\n\n<p>Alors, pourquoi attendre ? Prenez les devants et d\u00e9marquez-vous en devenant un conducteur exemplaire ! Renseignez-vous aupr\u00e8s de votre auto-\u00e9cole ou centre agr\u00e9\u00e9 pour r\u00e9server votre place.<\/p>\n\n\n\n<p>S\u00e9curit\u00e9, s\u00e9r\u00e9nit\u00e9 et libert\u00e9 : la route vous appartient.<\/p>\n<\/div>","protected":false},"excerpt":{"rendered":"<p>Boostez votre s\u00e9curit\u00e9 et votre confiance sur la route gr\u00e2ce \u00e0 la formation post-permis ! Vous<a href=\"https:\/\/conduite-actuelle.com\/?page_id=1084\">Know More<i class=\"fa fa-long-arrow-right\" aria-hidden=\"true\"><\/i><\/a><\/p>\n","protected":false},"author":4,"featured_media":0,"parent":0,"menu_order":0,"comment_status":"closed","ping_status":"closed","template":"","meta":{"footnotes":""},"class_list":["post-1084","page","type-page","status-publish","hentry"],"_links":{"self":[{"href":"https:\/\/conduite-actuelle.com\/index.php?rest_route=\/wp\/v2\/pages\/1084","targetHints":{"allow":["GET"]}}],"collection":[{"href":"https:\/\/conduite-actuelle.com\/index.php?rest_route=\/wp\/v2\/pages"}],"about":[{"href":"https:\/\/conduite-actuelle.com\/index.php?rest_route=\/wp\/v2\/types\/page"}],"author":[{"embeddable":true,"href":"https:\/\/conduite-actuelle.com\/index.php?rest_route=\/wp\/v2\/users\/4"}],"replies":[{"embeddable":true,"href":"https:\/\/conduite-actuelle.com\/index.php?rest_route=%2Fwp%2Fv2%2Fcomments&post=1084"}],"version-history":[{"count":1,"href":"https:\/\/conduite-actuelle.com\/index.php?rest_route=\/wp\/v2\/pages\/1084\/revisions"}],"predecessor-version":[{"id":1085,"href":"https:\/\/conduite-actuelle.com\/index.php?rest_route=\/wp\/v2\/pages\/1084\/revisions\/1085"}],"wp:attachment":[{"href":"https:\/\/conduite-actuelle.com\/index.php?rest_route=%2Fwp%2Fv2%2Fmedia&parent=1084"}],"curies":[{"name":"wp","href":"https:\/\/api.w.org\/{rel}","templated":true}]}}