{"id":1011,"date":"2024-04-13T08:56:34","date_gmt":"2024-04-13T07:56:34","guid":{"rendered":"https:\/\/conduite-actuelle.fr\/?page_id=1011"},"modified":"2024-04-13T08:58:02","modified_gmt":"2024-04-13T07:58:02","slug":"formation-b96","status":"publish","type":"page","link":"https:\/\/conduite-actuelle.com\/?page_id=1011","title":{"rendered":"Formation B96"},"content":{"rendered":"<div class=\"post-content\">\n<h2 class=\"wp-block-heading\">Dans quelles conditions le permis B96 est-il n\u00e9cessaire ?<\/h2>\n\n\n\n<p>La formation de 7 heures&nbsp;est obligatoire&nbsp;<strong>en compl\u00e9ment du permis B<\/strong>&nbsp;seulement si vous remplissez les 2 conditions suivantes :<\/p>\n\n\n\n<ul class=\"wp-block-list\">\n<li>Le PTAC (Poids total autoris\u00e9 en charge) de la remorque est sup\u00e9rieur \u00e0 750 kg et inf\u00e9rieur ou \u00e9gal \u00e0 3,5 tonnes.<\/li>\n\n\n\n<li>La somme des PTAC (PTAC du v\u00e9hicule tracteur + PTAC de la remorque) est sup\u00e9rieure \u00e0 3.5 tonnes et inf\u00e9rieure ou \u00e9gale \u00e0 4,25 tonnes.<\/li>\n<\/ul>\n\n\n\n<p>Si le PTAC de la remorque est inf\u00e9rieur \u00e0 750 kg, le permis B&nbsp;suffit.<strong>&nbsp;<\/strong>Vous trouverez ces informations en regardant votre certificat d\u2019immatriculation au niveau de la mention (F2).<a><\/a><\/p>\n\n\n\n<h2 class=\"wp-block-heading\">D\u00e9roulement de la formation<\/h2>\n\n\n\n<p>Cette formation d\u2019une dur\u00e9e de 7 heures se d\u00e9roule en 2 temps :<\/p>\n\n\n\n<ul class=\"wp-block-list\">\n<li><strong>4 heures de formation hors circulation<\/strong>\u00a0pour conna\u00eetre et comprendre l\u2019utilit\u00e9 de la r\u00e8glementation, de la signalisation et des r\u00e8gles sp\u00e9cifiques \u00e0 la conduite d\u2019un ensemble, des v\u00e9rifications avant le d\u00e9part et r\u00e9aliser des exercices d\u2019attelages et de d\u00e9telage.<\/li>\n\n\n\n<li><strong>3 heures de formation en circulation<\/strong>\u00a0qui met l\u2019accent notamment sur la ma\u00eetrise de l\u2019ensemble, les angles morts, les changements de direction, la prise en compte des autres usagers, l\u2019information et la communication avec les autres usagers, l\u2019anticipation, les distances de freinage et d\u2019arr\u00eat, les trajectoires, le croisement et le d\u00e9passement.<\/li>\n<\/ul>\n\n\n\n<p><\/p>\n\n\n\n<h4 class=\"wp-block-heading\">Obtention du permis B96<\/h4>\n\n\n\n<p>Pas d&rsquo;examen !&nbsp;A l\u2019issue de la formation, une attestation de suivi vous est remise. Elle vous permettra d\u2019obtenir le permis B96 d\u00e9livr\u00e9 en pr\u00e9fecture.<a><\/a><\/p>\n\n\n\n<h2 class=\"wp-block-heading\">Prix : 250\u20ac<\/h2>\n<\/div>","protected":false},"excerpt":{"rendered":"<p>Dans quelles conditions le permis B96 est-il n\u00e9cessaire ? La formation de 7 heures&nbsp;est obligatoire&nbsp;en compl\u00e9ment<a href=\"https:\/\/conduite-actuelle.com\/?page_id=1011\">Know More<i class=\"fa fa-long-arrow-right\" aria-hidden=\"true\"><\/i><\/a><\/p>\n","protected":false},"author":4,"featured_media":0,"parent":0,"menu_order":0,"comment_status":"closed","ping_status":"closed","template":"","meta":{"footnotes":""},"class_list":["post-1011","page","type-page","status-publish","hentry"],"_links":{"self":[{"href":"https:\/\/conduite-actuelle.com\/index.php?rest_route=\/wp\/v2\/pages\/1011","targetHints":{"allow":["GET"]}}],"collection":[{"href":"https:\/\/conduite-actuelle.com\/index.php?rest_route=\/wp\/v2\/pages"}],"about":[{"href":"https:\/\/conduite-actuelle.com\/index.php?rest_route=\/wp\/v2\/types\/page"}],"author":[{"embeddable":true,"href":"https:\/\/conduite-actuelle.com\/index.php?rest_route=\/wp\/v2\/users\/4"}],"replies":[{"embeddable":true,"href":"https:\/\/conduite-actuelle.com\/index.php?rest_route=%2Fwp%2Fv2%2Fcomments&post=1011"}],"version-history":[{"count":2,"href":"https:\/\/conduite-actuelle.com\/index.php?rest_route=\/wp\/v2\/pages\/1011\/revisions"}],"predecessor-version":[{"id":1018,"href":"https:\/\/conduite-actuelle.com\/index.php?rest_route=\/wp\/v2\/pages\/1011\/revisions\/1018"}],"wp:attachment":[{"href":"https:\/\/conduite-actuelle.com\/index.php?rest_route=%2Fwp%2Fv2%2Fmedia&parent=1011"}],"curies":[{"name":"wp","href":"https:\/\/api.w.org\/{rel}","templated":true}]}}